{"id":77,"date":"2021-01-09T08:46:02","date_gmt":"2021-01-09T08:46:02","guid":{"rendered":"https:\/\/jupiterx.artbees.net\/restaurant-2\/?page_id=77"},"modified":"2023-04-24T16:26:38","modified_gmt":"2023-04-24T14:26:38","slug":"les-activites-de-b","status":"publish","type":"page","link":"https:\/\/bajabule.fr\/index.php\/les-activites-de-b\/","title":{"rendered":"Les Activit\u00e9s de B!"},"content":{"rendered":"<section class=\"wpb-content-wrapper\"><p>[vc_section full_width=\u00a0\u00bbstretch_row\u00a0\u00bb css=\u00a0\u00bb.vc_custom_1627793708653{padding-top: 60px !important;padding-bottom: 60px !important;background-image: url(https:\/\/bajabule.fr\/wp-content\/uploads\/2021\/08\/Banner-2-scaled.jpg?id=286) !important;background-position: center !important;background-repeat: no-repeat !important;background-size: cover !important;}\u00a0\u00bb][vc_row css=\u00a0\u00bb.vc_custom_1627794267889{margin-bottom: 30px !important;}\u00a0\u00bb][vc_column][vc_column_text css=\u00a0\u00bb.vc_custom_1631005411664{padding-top: 60px !important;}\u00a0\u00bb]<\/p>\n<h1>Les Activit\u00e9s de B<em>!<\/em><\/h1>\n<p>[\/vc_column_text][\/vc_column][\/vc_row][\/vc_section][vc_row css=\u00a0\u00bb.vc_custom_1627794380683{margin-top: 30px !important;}\u00a0\u00bb][vc_column width=\u00a0\u00bb1\/2&Prime;][vc_column_text]<\/p>\n<h4 style=\"text-align: center;\"><b><img loading=\"lazy\" class=\"alignnone wp-image-365\" src=\"https:\/\/bajabule.fr\/wp-content\/uploads\/2021\/08\/Screenshot-2021-08-08-124141-300x277.png\" alt=\"\" width=\"70\" height=\"65\" srcset=\"https:\/\/bajabule.fr\/wp-content\/uploads\/2021\/08\/Screenshot-2021-08-08-124141-300x277.png 300w, https:\/\/bajabule.fr\/wp-content\/uploads\/2021\/08\/Screenshot-2021-08-08-124141.png 676w\" sizes=\"(max-width: 70px) 100vw, 70px\" \/>Ap\u00e9ros-boulot<\/b><\/h4>\n<p>[\/vc_column_text][vc_column_text]<\/p>\n<ul>\n<li>S\u00e9lection et fourniture des vins, champagnes et toutes autres boissons pour un pot r\u00e9ussi entre coll\u00e8gues.<\/li>\n<li>Pour plus de fun, optez pour le \u00ab <a href=\"https:\/\/bajabule.fr\/wp-content\/uploads\/2023\/04\/Bajabule-Taste-Feel-description.pdf\"><strong><em>Taste &amp; Feel<\/em><\/strong> <\/a>\u00bb et \u00e9changez vos sensations entre coll\u00e8gues (devis sur simple demande).<\/li>\n<li>Possibilit\u00e9 d&rsquo;une prestation plus compl\u00e8te, cl\u00e9 en main, incluant des accompagnements (planches de charcuterie, fromages, m\u00e9langes sal\u00e9s), verres, couverts, glace, etc&#8230;<\/li>\n<li>Mise en valeur des produits de nos partenaires producteurs ou distributeurs.<\/li>\n<li>Concept \u00ab\u00a0<b><i>COVID free<\/i><\/b>\u00bb :\u00a0 distribution individuelle des m\u00e9langes sal\u00e9s, plateaux avec produits pr\u00e9d\u00e9coup\u00e9s, sets de couverts individuels, gel hydroalcoolique.<\/li>\n<\/ul>\n<p>[\/vc_column_text][\/vc_column][vc_column width=\u00a0\u00bb1\/2&Prime;][vc_column_text]<\/p>\n<h4 style=\"text-align: center;\"><b><img loading=\"lazy\" class=\"alignnone wp-image-367\" src=\"https:\/\/bajabule.fr\/wp-content\/uploads\/2021\/08\/3Screenshot-2021-08-08-133208-300x272.png\" alt=\"\" width=\"72\" height=\"65\" srcset=\"https:\/\/bajabule.fr\/wp-content\/uploads\/2021\/08\/3Screenshot-2021-08-08-133208-300x272.png 300w, https:\/\/bajabule.fr\/wp-content\/uploads\/2021\/08\/3Screenshot-2021-08-08-133208.png 690w\" sizes=\"(max-width: 72px) 100vw, 72px\" \/>D\u00e9gustations et ventes \u00e0 domicile<\/b><\/h4>\n<p>[\/vc_column_text][vc_column_text]<\/p>\n<ul>\n<li>Identification avec l\u2019h\u00f4te du th\u00e8me pour une soir\u00e9e d\u00e9gustation-d\u00e9couverte (pays, r\u00e9gion, appellation, domaine, c\u00e9page, couleur, etc&#8230;)<\/li>\n<li>L\u2019h\u00f4te invite son groupe d\u2019amis amateurs et organise la soir\u00e9e.<\/li>\n<li>Fourniture des \u00e9chantillons des vins s\u00e9lectionn\u00e9s, du mat\u00e9riel et des verres pour la d\u00e9gustation.<\/li>\n<li>Animation \u00ab\u00a0<a href=\"https:\/\/bajabule.fr\/wp-content\/uploads\/2023\/04\/Bajabule-Taste-Feel-description.pdf\"><strong><em>Taste &amp; Feel<\/em><\/strong> <\/a>\u00bb pour guider la d\u00e9gustation, favoriser les \u00e9changes et amplifier le plaisir d\u00e9gustatif !<\/li>\n<li>Possibilit\u00e9 de commander en fin de soir\u00e9e les \u201ccoups de c\u0153ur\u201d, sans condition minimale.<\/li>\n<li>Livraison imm\u00e9diate ou \u00e0 domicile selon les quantit\u00e9s.<\/li>\n<\/ul>\n<p>[\/vc_column_text][\/vc_column][\/vc_row][vc_row css=\u00a0\u00bb.vc_custom_1627794236018{margin-top: 30px !important;margin-bottom: 30px !important;}\u00a0\u00bb][vc_column][vc_separator color=\u00a0\u00bbcustom\u00a0\u00bb el_width=\u00a0\u00bb40&Prime; accent_color=\u00a0\u00bb#006f3d\u00a0\u00bb][\/vc_column][\/vc_row][vc_row][vc_column width=\u00a0\u00bb1\/2&Prime;][vc_column_text]<\/p>\n<h4 style=\"text-align: center;\"><img loading=\"lazy\" class=\"alignnone wp-image-366\" style=\"color: #000000; font-size: 1rem;\" src=\"https:\/\/bajabule.fr\/wp-content\/uploads\/2021\/08\/Screenshot-2021-08-08-124141-1-300x282.png\" alt=\"\" width=\"69\" height=\"65\" srcset=\"https:\/\/bajabule.fr\/wp-content\/uploads\/2021\/08\/Screenshot-2021-08-08-124141-1-300x282.png 300w, https:\/\/bajabule.fr\/wp-content\/uploads\/2021\/08\/Screenshot-2021-08-08-124141-1.png 632w\" sizes=\"(max-width: 69px) 100vw, 69px\" \/><b>\u00c9v\u00e9nements familiaux ou soir\u00e9es priv\u00e9es<\/b><\/h4>\n<p>[\/vc_column_text][vc_column_text]<\/p>\n<ul>\n<li>Conseils sur la s\u00e9lection de vins et champagnes.<\/li>\n<li>D\u00e9gustation des produits retenus pour validation.<\/li>\n<li>Livraison des bouteilles et aide \u00e0 la mise en place.<\/li>\n<li>Concept <u>unique<\/u> de \u00ab\u00a0<b><i>PAY<\/i><\/b><b><i>-AS-YOU<\/i><\/b><b><i>-DRINK<img loading=\"lazy\" class=\"alignnone wp-image-436\" src=\"https:\/\/bajabule.fr\/wp-content\/uploads\/2021\/09\/Marque-deposee.png\" alt=\"\" width=\"11\" height=\"11\" srcset=\"https:\/\/bajabule.fr\/wp-content\/uploads\/2021\/09\/Marque-deposee.png 225w, https:\/\/bajabule.fr\/wp-content\/uploads\/2021\/09\/Marque-deposee-150x150.png 150w\" sizes=\"(max-width: 11px) 100vw, 11px\" \/><\/i><\/b>\u00bb : ne soyez plus inquiet sur les quantit\u00e9s \u00e0 commander, lib\u00e9rez votre esprit et concentrez-vous sur votre \u00e9v\u00e9nement : <u>toutes bouteilles non consomm\u00e9es seront int\u00e9gralement rembours\u00e9es <\/u>(conditions d\u00e9taill\u00e9es par contrat).<\/li>\n<\/ul>\n<p>[\/vc_column_text][\/vc_column][vc_column width=\u00a0\u00bb1\/2&Prime;][vc_column_text]<\/p>\n<h4 style=\"text-align: center;\"><b><img loading=\"lazy\" class=\"alignnone wp-image-368\" src=\"https:\/\/bajabule.fr\/wp-content\/uploads\/2021\/08\/4Screenshot-2021-08-08-133428-300x269.png\" alt=\"\" width=\"72\" height=\"65\" srcset=\"https:\/\/bajabule.fr\/wp-content\/uploads\/2021\/08\/4Screenshot-2021-08-08-133428-300x269.png 300w, https:\/\/bajabule.fr\/wp-content\/uploads\/2021\/08\/4Screenshot-2021-08-08-133428.png 682w\" sizes=\"(max-width: 72px) 100vw, 72px\" \/>Coach de cave <\/b><\/h4>\n<p>[\/vc_column_text][vc_column_text]<\/p>\n<ul>\n<li>\u00c9tude des besoins.<\/li>\n<li>Propositions it\u00e9ratives d\u2019une vari\u00e9t\u00e9 de vins en fonction des crit\u00e8res retenus (budget, r\u00e9gions, couleurs, temps de garde, type de cave, qualit\u00e9 de conservation, etc&#8230;).<\/li>\n<li>Mix possible de crus \u201cd\u00e9couverte\u201d et de crus classiques.<\/li>\n<li>Conseils sur la conservation et la gestion de sa cave.<\/li>\n<li>Livraison \u00e0 domicile des vins et champagnes retenus.<\/li>\n<\/ul>\n<p>[\/vc_column_text][\/vc_column][\/vc_row][vc_row][vc_column][\/vc_column][\/vc_row]<\/p>\n<\/section>","protected":false},"excerpt":{"rendered":"<p>[vc_section full_width=\u00a0\u00bbstretch_row\u00a0\u00bb css=\u00a0\u00bb.vc_custom_1627793708653{padding-top: 60px !important;padding-bottom: 60px !important;background-image: url(https:\/\/bajabule.fr\/wp-content\/uploads\/2021\/08\/Banner-2-scaled.jpg?id=286) !important;background-position: center !important;background-repeat: no-repeat !important;background-size: cover !important;}\u00a0\u00bb][vc_row css=\u00a0\u00bb.vc_custom_1627794267889{margin-bottom: 30px !important;}\u00a0\u00bb][vc_column][vc_column_text css=\u00a0\u00bb.vc_custom_1631005411664{padding-top: 60px !important;}\u00a0\u00bb] Les Activit\u00e9s de B! [\/vc_column_text][\/vc_column][\/vc_row][\/vc_section][vc_row css=\u00a0\u00bb.vc_custom_1627794380683{margin-top: 30px !important;}\u00a0\u00bb][vc_column width=\u00a0\u00bb1\/2&Prime;][vc_column_text] Ap\u00e9ros-boulot [\/vc_column_text][vc_column_text] S\u00e9lection et fourniture des vins, champagnes et toutes autres boissons pour un pot r\u00e9ussi entre coll\u00e8gues. Pour plus de fun, optez pour le [&hellip;]<\/p>\n","protected":false},"author":1,"featured_media":0,"parent":0,"menu_order":0,"comment_status":"closed","ping_status":"closed","template":"","meta":{"content-type":""},"acf":[],"_links":{"self":[{"href":"https:\/\/bajabule.fr\/index.php\/wp-json\/wp\/v2\/pages\/77"}],"collection":[{"href":"https:\/\/bajabule.fr\/index.php\/wp-json\/wp\/v2\/pages"}],"about":[{"href":"https:\/\/bajabule.fr\/index.php\/wp-json\/wp\/v2\/types\/page"}],"author":[{"embeddable":true,"href":"https:\/\/bajabule.fr\/index.php\/wp-json\/wp\/v2\/users\/1"}],"replies":[{"embeddable":true,"href":"https:\/\/bajabule.fr\/index.php\/wp-json\/wp\/v2\/comments?post=77"}],"version-history":[{"count":19,"href":"https:\/\/bajabule.fr\/index.php\/wp-json\/wp\/v2\/pages\/77\/revisions"}],"predecessor-version":[{"id":675,"href":"https:\/\/bajabule.fr\/index.php\/wp-json\/wp\/v2\/pages\/77\/revisions\/675"}],"wp:attachment":[{"href":"https:\/\/bajabule.fr\/index.php\/wp-json\/wp\/v2\/media?parent=77"}],"curies":[{"name":"wp","href":"https:\/\/api.w.org\/{rel}","templated":true}]}}