{"id":6,"date":"2021-01-09T07:07:55","date_gmt":"2021-01-09T07:07:55","guid":{"rendered":"https:\/\/jupiterx.artbees.net\/restaurant-2\/?page_id=6"},"modified":"2023-04-24T16:23:59","modified_gmt":"2023-04-24T14:23:59","slug":"home","status":"publish","type":"page","link":"https:\/\/bajabule.fr\/","title":{"rendered":"Home"},"content":{"rendered":"<section class=\"wpb-content-wrapper\"><p>[vc_section full_width=\u00a0\u00bbstretch_row\u00a0\u00bb content_placement=\u00a0\u00bbtop\u00a0\u00bb css=\u00a0\u00bb.vc_custom_1627796904248{margin-top: -25px !important;padding-top: 60px !important;padding-bottom: 60px !important;background-image: url(https:\/\/bajabule.fr\/wp-content\/uploads\/2021\/08\/Banner-1-scaled.jpg?id=270) !important;background-position: center !important;background-repeat: no-repeat !important;background-size: cover !important;}\u00a0\u00bb][vc_row][vc_column][vc_column_text css=\u00a0\u00bb.vc_custom_1627791236104{padding-top: 60px !important;}\u00a0\u00bb]<\/p>\n<h1>D\u00e9nicheur de Nectars<\/h1>\n<p>[\/vc_column_text][\/vc_column][\/vc_row][\/vc_section][vc_section][vc_row][vc_column][vc_column_text]<\/p>\n<h3>Bajabule !<\/h3>\n<p>[\/vc_column_text][\/vc_column][\/vc_row][vc_row][vc_column][vc_column_text]<strong>Bajabule!<\/strong> vous propose une gamme de vins d\u00e9nich\u00e9s avec passion. Vous pouvez les d\u00e9couvrir gr\u00e2ce aux diff\u00e9rentes activit\u00e9s offertes par <strong>Bajabule!<\/strong> mais aussi en achat direct (Paris+RP). Il suffit d\u2019envoyer un simple e-mail \u00e0 l\u2019adresse suivante\u00a0: <a href=\"mailto:contact@bajabule.fr\">contact@bajabule.fr<\/a><\/p>\n<p>La passion du vin, c\u2019est la d\u00e9couverte, le plaisir et le partage. Profitez des <strong><em>Mix de B!<\/em><\/strong> pour prolonger vos moments de d\u00e9gustations\u00a0entre potes !<\/p>\n<p><em>Pour que la d\u00e9gustation de vins reste un plaisir, consommez avec mod\u00e9ration !<\/em>[\/vc_column_text][\/vc_column][\/vc_row][vc_row][vc_column][vc_column_text]<\/p>\n<h3 style=\"text-align: center;\">Les Activit\u00e9s de B<em>!<\/em><\/h3>\n<p>[\/vc_column_text][\/vc_column][\/vc_row][vc_row full_width=\u00a0\u00bbstretch_row_content\u00a0\u00bb][vc_column width=\u00a0\u00bb1\/4&Prime;][vc_column_text]<\/p>\n<h4><b><img loading=\"lazy\" class=\"alignnone wp-image-365 aligncenter\" src=\"https:\/\/bajabule.fr\/wp-content\/uploads\/2021\/08\/Screenshot-2021-08-08-124141-300x277.png\" alt=\"\" width=\"70\" height=\"65\" srcset=\"https:\/\/bajabule.fr\/wp-content\/uploads\/2021\/08\/Screenshot-2021-08-08-124141-300x277.png 300w, https:\/\/bajabule.fr\/wp-content\/uploads\/2021\/08\/Screenshot-2021-08-08-124141.png 676w\" sizes=\"(max-width: 70px) 100vw, 70px\" \/><\/b><\/h4>\n<h4 style=\"text-align: center;\"><b>Ap\u00e9ros-boulot<\/b><\/h4>\n<p>[\/vc_column_text][vc_column_text]<\/p>\n<ul>\n<li style=\"list-style-type: none;\">\n<ul>\n<li>Concept \u00ab\u00a0COVID free \u00bb<\/li>\n<li>S\u00e9lection et fourniture de vins ou champagne \u00e0 d\u00e9couvrir, pour un pot r\u00e9ussi entre coll\u00e8gues.<\/li>\n<li>Pour plus de fun, optez pour un \u00ab\u00a0<a href=\"https:\/\/bajabule.fr\/wp-content\/uploads\/2023\/04\/Bajabule-Taste-Feel-description.pdf\">Taste &amp; Feel<\/a>\u00a0\u00bb et \u00e9changez vos sensations entre coll\u00e8gues.<\/li>\n<li>Possibilit\u00e9 d\u2019une prestation cl\u00e9 en main avec fourniture de plateaux de charcuterie et fromages de haute qualit\u00e9<\/li>\n<\/ul>\n<\/li>\n<\/ul>\n<p>[\/vc_column_text][\/vc_column][vc_column width=\u00a0\u00bb1\/4&Prime;][vc_column_text]<\/p>\n<h4><b><img loading=\"lazy\" class=\"alignnone wp-image-367 aligncenter\" src=\"https:\/\/bajabule.fr\/wp-content\/uploads\/2021\/08\/3Screenshot-2021-08-08-133208-300x272.png\" alt=\"\" width=\"72\" height=\"65\" srcset=\"https:\/\/bajabule.fr\/wp-content\/uploads\/2021\/08\/3Screenshot-2021-08-08-133208-300x272.png 300w, https:\/\/bajabule.fr\/wp-content\/uploads\/2021\/08\/3Screenshot-2021-08-08-133208.png 690w\" sizes=\"(max-width: 72px) 100vw, 72px\" \/><\/b><\/h4>\n<h4 style=\"text-align: center;\"><b>D\u00e9gustations et ventes \u00e0 domicile<\/b><\/h4>\n<p>[\/vc_column_text][vc_column_text]<\/p>\n<ul>\n<li style=\"list-style-type: none;\">\n<ul>\n<li>L\u2019h\u00f4te invite son groupe d\u2019amis amateurs et organise la soir\u00e9e.<\/li>\n<li>Fourniture des \u00e9chantillons des vins s\u00e9lectionn\u00e9s et des verres de d\u00e9gustation.<\/li>\n<li>Possibilit\u00e9 de commander en fin de soir\u00e9e les \u201ccoups de c\u0153ur\u201d, sans condition minimale.<\/li>\n<li>Animation \u00ab\u00a0<a href=\"https:\/\/bajabule.fr\/wp-content\/uploads\/2023\/04\/Bajabule-Taste-Feel-description.pdf\">Taste &amp; Feel<\/a>\u00a0\u00bb en option pour encore plus de plaisir d\u00e9gustatif !<\/li>\n<\/ul>\n<\/li>\n<\/ul>\n<p>[\/vc_column_text][\/vc_column][vc_column width=\u00a0\u00bb1\/4&Prime;][vc_column_text]<\/p>\n<h4><img loading=\"lazy\" class=\"alignnone wp-image-366 aligncenter\" src=\"https:\/\/bajabule.fr\/wp-content\/uploads\/2021\/08\/Screenshot-2021-08-08-124141-1-300x282.png\" alt=\"\" width=\"69\" height=\"65\" srcset=\"https:\/\/bajabule.fr\/wp-content\/uploads\/2021\/08\/Screenshot-2021-08-08-124141-1-300x282.png 300w, https:\/\/bajabule.fr\/wp-content\/uploads\/2021\/08\/Screenshot-2021-08-08-124141-1.png 632w\" sizes=\"(max-width: 69px) 100vw, 69px\" \/><b><\/b><\/h4>\n<h4 style=\"text-align: center;\"><b>\u00c9v\u00e9nements familiaux ou soir\u00e9es priv\u00e9es<\/b><\/h4>\n<p>[\/vc_column_text][vc_column_text]<\/p>\n<ul>\n<li style=\"list-style-type: none;\">\n<ul>\n<li>Conseils et d\u00e9gustation des produits retenus.<\/li>\n<li>Livraison et aide \u00e0 la mise en place.<\/li>\n<li>Concept\u00a0unique\u00a0de \u00ab\u00a0<strong>PAY-AS-YOU-DRINK<img loading=\"lazy\" class=\"alignnone wp-image-436\" src=\"https:\/\/bajabule.fr\/wp-content\/uploads\/2021\/09\/Marque-deposee.png\" alt=\"\" width=\"12\" height=\"12\" srcset=\"https:\/\/bajabule.fr\/wp-content\/uploads\/2021\/09\/Marque-deposee.png 225w, https:\/\/bajabule.fr\/wp-content\/uploads\/2021\/09\/Marque-deposee-150x150.png 150w\" sizes=\"(max-width: 12px) 100vw, 12px\" \/> <\/strong>\u00bb &#8211; les bouteilles non consomm\u00e9es sont rembours\u00e9es\u00a0!<\/li>\n<\/ul>\n<\/li>\n<\/ul>\n<p>[\/vc_column_text][\/vc_column][vc_column width=\u00a0\u00bb1\/4&Prime;][vc_column_text]<\/p>\n<h4><b><img loading=\"lazy\" class=\"alignnone wp-image-368 aligncenter\" src=\"https:\/\/bajabule.fr\/wp-content\/uploads\/2021\/08\/4Screenshot-2021-08-08-133428-300x269.png\" alt=\"\" width=\"72\" height=\"65\" srcset=\"https:\/\/bajabule.fr\/wp-content\/uploads\/2021\/08\/4Screenshot-2021-08-08-133428-300x269.png 300w, https:\/\/bajabule.fr\/wp-content\/uploads\/2021\/08\/4Screenshot-2021-08-08-133428.png 682w\" sizes=\"(max-width: 72px) 100vw, 72px\" \/><\/b><\/h4>\n<h4 style=\"text-align: center;\"><b>Coach de cave <\/b><\/h4>\n<p>[\/vc_column_text][vc_column_text]<\/p>\n<ul>\n<li style=\"list-style-type: none;\">\n<ul>\n<li>\u00c9tude des besoins et propositions it\u00e9ratives dans un budget fix\u00e9.<\/li>\n<li>Mix de crus \u201cd\u00e9couverte\u201d et de crus classiques.<\/li>\n<li>Conseils sur la conservation et la gestion de sa cave.<\/li>\n<\/ul>\n<\/li>\n<\/ul>\n<p>[\/vc_column_text][\/vc_column][\/vc_row][vc_row][vc_column][vc_btn title=\u00a0\u00bbLes Activit\u00e9s de B !\u00a0\u00bb style=\u00a0\u00bbcustom\u00a0\u00bb custom_background=\u00a0\u00bb#006f3d\u00a0\u00bb custom_text=\u00a0\u00bb#ffffff\u00a0\u00bb size=\u00a0\u00bblg\u00a0\u00bb align=\u00a0\u00bbcenter\u00a0\u00bb link=\u00a0\u00bburl:https%3A%2F%2Fbajabule.fr%2Findex.php%2Fles-activites-de-b%2F|title:Les%20Activit%C3%A9s%20de%20B!\u00a0\u00bb][\/vc_column][\/vc_row][\/vc_section][vc_section][vc_row css=\u00a0\u00bb.vc_custom_1628398247323{margin-top: 60px !important;margin-bottom: 60px !important;}\u00a0\u00bb][vc_column][vc_separator color=\u00a0\u00bbcustom\u00a0\u00bb el_width=\u00a0\u00bb60&Prime; accent_color=\u00a0\u00bb#006f3d\u00a0\u00bb][\/vc_column][\/vc_row][vc_row css=\u00a0\u00bb.vc_custom_1628398292880{margin-bottom: 60px !important;}\u00a0\u00bb][vc_column][vc_column_text]<\/p>\n<div class=\"vc_row wpb_row vc_row-fluid vc_custom_1628398157304\">\n<div class=\"wpb_column vc_column_container vc_col-sm-12\">\n<div class=\"vc_column-inner\">\n<div class=\"wpb_wrapper\">\n<div class=\"wpb_text_column wpb_content_element \">\n<div class=\"wpb_wrapper\">\n<h3 style=\"text-align: center;\">Restez en contact avec\u00a0<strong>Bajabule<em>!<\/em><\/strong><\/h3>\n<\/div>\n<\/div>\n<\/div>\n<\/div>\n<\/div>\n<\/div>\n<p>[\/vc_column_text][\/vc_column][\/vc_row][vc_row full_width=\u00a0\u00bbstretch_row_content\u00a0\u00bb][vc_column width=\u00a0\u00bb1\/3&Prime;][vc_column_text]<\/p>\n<h4 style=\"text-align: center;\">Les News de <strong>B<\/strong><em><strong>!<\/strong><\/em><\/h4>\n<p>[\/vc_column_text][vc_column_text]<\/p>\n<p style=\"text-align: justify;\">Recevez la Newsletter mensuelle de Bajabule! Il vous suffit de vous inscrire en envoyant un email \u00e0 <a href=\"mailto:contact@bajabule.fr\">contact@bajabule.fr<\/a><\/p>\n<p>[\/vc_column_text][\/vc_column][vc_column width=\u00a0\u00bb1\/3&Prime;][vc_column_text]<\/p>\n<h4 style=\"text-align: center;\">Groupe WhatsApp des \u00ab Amis de <strong>B<\/strong><em><strong>! <\/strong>\u00bb<\/em><\/h4>\n<p>[\/vc_column_text][vc_column_text]<\/p>\n<p style=\"text-align: justify;\">Rejoignez notre groupe WhatsApp pour recevoir les infos en \u00ab Live \u00bb des s\u00e9lections ou d\u00e9couvertes du moment \u2013 envoyez simplement votre demande \u00e0 <a href=\"mailto:contact@bajabule.fr\">contact@bajabule.fr<\/a><\/p>\n<p>[\/vc_column_text][\/vc_column][vc_column width=\u00a0\u00bb1\/3&Prime;][vc_column_text]<\/p>\n<h4 style=\"text-align: center;\"><strong>B<\/strong><em><strong>! <\/strong><\/em>sur Instagram<\/h4>\n<h4 style=\"text-align: center;\"><em><strong>\u00a0<\/strong><\/em><\/h4>\n<p>[\/vc_column_text][vc_column_text]<\/p>\n<p style=\"text-align: justify;\">Suivez-nous sur <a href=\"https:\/\/www.instagram.com\/bajabule.wines\/\">bajabule.wines<\/a>\u00a0et partageons nos coups de c\u0153ur !<\/p>\n<p>[\/vc_column_text][vc_single_image image=\u00a0\u00bb422&Prime; alignment=\u00a0\u00bbcenter\u00a0\u00bb onclick=\u00a0\u00bbcustom_link\u00a0\u00bb img_link_target=\u00a0\u00bb_blank\u00a0\u00bb link=\u00a0\u00bbhttps:\/\/www.instagram.com\/bajabule.wines\/\u00a0\u00bb][\/vc_column][\/vc_row][\/vc_section]<\/p>\n<\/section>","protected":false},"excerpt":{"rendered":"<p>[vc_section full_width=\u00a0\u00bbstretch_row\u00a0\u00bb content_placement=\u00a0\u00bbtop\u00a0\u00bb css=\u00a0\u00bb.vc_custom_1627796904248{margin-top: -25px !important;padding-top: 60px !important;padding-bottom: 60px !important;background-image: url(https:\/\/bajabule.fr\/wp-content\/uploads\/2021\/08\/Banner-1-scaled.jpg?id=270) !important;background-position: center !important;background-repeat: no-repeat !important;background-size: cover !important;}\u00a0\u00bb][vc_row][vc_column][vc_column_text css=\u00a0\u00bb.vc_custom_1627791236104{padding-top: 60px !important;}\u00a0\u00bb] D\u00e9nicheur de Nectars [\/vc_column_text][\/vc_column][\/vc_row][\/vc_section][vc_section][vc_row][vc_column][vc_column_text] Bajabule ! [\/vc_column_text][\/vc_column][\/vc_row][vc_row][vc_column][vc_column_text]Bajabule! vous propose une gamme de vins d\u00e9nich\u00e9s avec passion. Vous pouvez les d\u00e9couvrir gr\u00e2ce aux diff\u00e9rentes activit\u00e9s offertes par Bajabule! mais aussi en achat direct (Paris+RP). Il [&hellip;]<\/p>\n","protected":false},"author":1,"featured_media":0,"parent":0,"menu_order":0,"comment_status":"closed","ping_status":"closed","template":"","meta":{"content-type":""},"acf":[],"_links":{"self":[{"href":"https:\/\/bajabule.fr\/index.php\/wp-json\/wp\/v2\/pages\/6"}],"collection":[{"href":"https:\/\/bajabule.fr\/index.php\/wp-json\/wp\/v2\/pages"}],"about":[{"href":"https:\/\/bajabule.fr\/index.php\/wp-json\/wp\/v2\/types\/page"}],"author":[{"embeddable":true,"href":"https:\/\/bajabule.fr\/index.php\/wp-json\/wp\/v2\/users\/1"}],"replies":[{"embeddable":true,"href":"https:\/\/bajabule.fr\/index.php\/wp-json\/wp\/v2\/comments?post=6"}],"version-history":[{"count":53,"href":"https:\/\/bajabule.fr\/index.php\/wp-json\/wp\/v2\/pages\/6\/revisions"}],"predecessor-version":[{"id":461,"href":"https:\/\/bajabule.fr\/index.php\/wp-json\/wp\/v2\/pages\/6\/revisions\/461"}],"wp:attachment":[{"href":"https:\/\/bajabule.fr\/index.php\/wp-json\/wp\/v2\/media?parent=6"}],"curies":[{"name":"wp","href":"https:\/\/api.w.org\/{rel}","templated":true}]}}