{"id":183,"date":"2021-07-04T09:28:03","date_gmt":"2021-07-04T07:28:03","guid":{"rendered":"http:\/\/bajabule.fr\/?page_id=183"},"modified":"2026-04-24T16:45:16","modified_gmt":"2026-04-24T14:45:16","slug":"la-cave-de-b","status":"publish","type":"page","link":"https:\/\/bajabule.fr\/index.php\/la-cave-de-b\/","title":{"rendered":"La Cave de B!"},"content":{"rendered":"<section class=\"wpb-content-wrapper\"><p>[vc_section full_width=\u00a0\u00bbstretch_row\u00a0\u00bb content_placement=\u00a0\u00bbtop\u00a0\u00bb css=\u00a0\u00bb.vc_custom_1627797658596{margin-top: 0px !important;padding-top: 60px !important;padding-bottom: 60px !important;background-image: url(https:\/\/bajabule.fr\/wp-content\/uploads\/2021\/08\/Banner-1-scaled.jpg?id=270) !important;background-position: center !important;background-repeat: no-repeat !important;background-size: cover !important;}\u00a0\u00bb][vc_row full_width=\u00a0\u00bbstretch_row\u00a0\u00bb content_placement=\u00a0\u00bbtop\u00a0\u00bb css=\u00a0\u00bb.vc_custom_1627796817588{padding-top: 0px !important;padding-bottom: 0px !important;background-position: center !important;background-repeat: no-repeat !important;background-size: cover !important;}\u00a0\u00bb][vc_column][vc_column_text css=\u00a0\u00bb.vc_custom_1630737884819{padding-top: 60px !important;}\u00a0\u00bb]<\/p>\n<h1>La Cave de B<em>!<\/em><\/h1>\n<p>[\/vc_column_text][\/vc_column][\/vc_row][\/vc_section][vc_row css=\u00a0\u00bb.vc_custom_1630738444006{margin-top: 60px !important;}\u00a0\u00bb][vc_column width=\u00a0\u00bb1\/2&Prime;][vc_column_text]<\/p>\n<h4 style=\"text-align: center;\">Catalogue de <strong>B<\/strong><em>!<\/em><\/h4>\n<p>[\/vc_column_text][vc_column_text]D\u00e9couvrez le Catalogue de <strong>B<em>!<\/em><\/strong> dans le fichier ci-dessous.<\/p>\n<p><a href=\"https:\/\/bajabule.fr\/wp-content\/uploads\/2026\/04\/Catalogue-Bajabule-24042026.pdf\" target=\"_blank\" rel=\"noopener\"><strong>Catalogue Bajabule &#8211; cliquez ICI<\/strong><\/a>[\/vc_column_text][\/vc_column][vc_column width=\u00a0\u00bb1\/2&Prime;][vc_column_text]<\/p>\n<h4 style=\"text-align: center;\">Les S\u00e9lections de <strong>B<\/strong><em>!<\/em><\/h4>\n<p>[\/vc_column_text][vc_column_text]Pour notre s\u00e9lection sp\u00e9ciale f\u00eates, cliquez ici (<em>non disponible actuellement<\/em>)<\/p>\n<p><em>Et pour vos coffrets <strong>cadeaux-d\u00e9couvertes<\/strong> (2, 3 ou 6 bouteilles), par r\u00e9gion, pays, couleur ou par c\u00e9page, <\/em><\/p>\n<p><em>contactez-nous sur <a href=\"mailto:contact@bajabule.fr\">contact@bajabule.fr<\/a> ! <\/em>[\/vc_column_text][\/vc_column][\/vc_row][vc_row css=\u00a0\u00bb.vc_custom_1636271456227{margin-top: 30px !important;}\u00a0\u00bb][vc_column][vc_column_text]<\/p>\n<p style=\"text-align: center;\">N&rsquo;h\u00e9sitez pas \u00e0 nous <a href=\"https:\/\/bajabule.fr\/index.php\/contact\/\" target=\"_blank\" rel=\"noopener\">contacter<\/a> pour toutes demandes concernant nos r\u00e9f\u00e9rences.<\/p>\n<p>[\/vc_column_text][\/vc_column][\/vc_row][vc_row][vc_column][\/vc_column][\/vc_row]<\/p>\n<\/section>","protected":false},"excerpt":{"rendered":"<p>[vc_section full_width=\u00a0\u00bbstretch_row\u00a0\u00bb content_placement=\u00a0\u00bbtop\u00a0\u00bb css=\u00a0\u00bb.vc_custom_1627797658596{margin-top: 0px !important;padding-top: 60px !important;padding-bottom: 60px !important;background-image: url(https:\/\/bajabule.fr\/wp-content\/uploads\/2021\/08\/Banner-1-scaled.jpg?id=270) !important;background-position: center !important;background-repeat: no-repeat !important;background-size: cover !important;}\u00a0\u00bb][vc_row full_width=\u00a0\u00bbstretch_row\u00a0\u00bb content_placement=\u00a0\u00bbtop\u00a0\u00bb css=\u00a0\u00bb.vc_custom_1627796817588{padding-top: 0px !important;padding-bottom: 0px !important;background-position: center !important;background-repeat: no-repeat !important;background-size: cover !important;}\u00a0\u00bb][vc_column][vc_column_text css=\u00a0\u00bb.vc_custom_1630737884819{padding-top: 60px !important;}\u00a0\u00bb] La Cave de B! [\/vc_column_text][\/vc_column][\/vc_row][\/vc_section][vc_row css=\u00a0\u00bb.vc_custom_1630738444006{margin-top: 60px !important;}\u00a0\u00bb][vc_column width=\u00a0\u00bb1\/2&Prime;][vc_column_text] Catalogue de B! [\/vc_column_text][vc_column_text]D\u00e9couvrez le Catalogue de B! dans le fichier ci-dessous. [&hellip;]<\/p>\n","protected":false},"author":1,"featured_media":0,"parent":0,"menu_order":0,"comment_status":"closed","ping_status":"closed","template":"","meta":{"content-type":""},"acf":[],"_links":{"self":[{"href":"https:\/\/bajabule.fr\/index.php\/wp-json\/wp\/v2\/pages\/183"}],"collection":[{"href":"https:\/\/bajabule.fr\/index.php\/wp-json\/wp\/v2\/pages"}],"about":[{"href":"https:\/\/bajabule.fr\/index.php\/wp-json\/wp\/v2\/types\/page"}],"author":[{"embeddable":true,"href":"https:\/\/bajabule.fr\/index.php\/wp-json\/wp\/v2\/users\/1"}],"replies":[{"embeddable":true,"href":"https:\/\/bajabule.fr\/index.php\/wp-json\/wp\/v2\/comments?post=183"}],"version-history":[{"count":133,"href":"https:\/\/bajabule.fr\/index.php\/wp-json\/wp\/v2\/pages\/183\/revisions"}],"predecessor-version":[{"id":878,"href":"https:\/\/bajabule.fr\/index.php\/wp-json\/wp\/v2\/pages\/183\/revisions\/878"}],"wp:attachment":[{"href":"https:\/\/bajabule.fr\/index.php\/wp-json\/wp\/v2\/media?parent=183"}],"curies":[{"name":"wp","href":"https:\/\/api.w.org\/{rel}","templated":true}]}}